{"id":2989,"date":"2022-01-18T12:21:14","date_gmt":"2022-01-18T11:21:14","guid":{"rendered":"https:\/\/www.hungarianwinesummit.com\/?page_id=2989"},"modified":"2022-04-04T17:33:36","modified_gmt":"2022-04-04T15:33:36","slug":"fooldal","status":"publish","type":"page","link":"https:\/\/2022.hungarianwinesummit.com\/hu\/","title":{"rendered":"F\u0151oldal"},"content":{"rendered":"<p>[vc_row][vc_column][vc_column_text]<\/p>\n<h1 style=\"text-align: center;\">Hungarian Wine Summit<\/h1>\n<h2><\/h2>\n<h2 style=\"text-align: center;\">Wines of Hungary &#8211; Personally<br \/>\n2022. m\u00e1rcius 22-24.<\/h2>\n<p>[\/vc_column_text][\/vc_column][\/vc_row][vc_row][vc_column css=&#8221;.vc_custom_1618308118536{margin-top: 30px !important;}&#8221;][vc_column_text]<\/p>\n<p style=\"text-align: center;\"><img class=\"alignnone size-full wp-image-2321\" style=\"max-width: 100%;\" src=\"https:\/\/2022.hungarianwinesummit.com\/wp-content\/uploads\/2022\/02\/summit-mainimg.jpg\" alt=\"\" width=\"1280\" \/><\/p>\n<p>[\/vc_column_text][\/vc_column][\/vc_row][vc_row el_class=&#8221;hpblock1 tart&#8221;][vc_column css=&#8221;.vc_custom_1618308180016{margin-top: -50px !important;}&#8221;][vc_column_text css_animation=&#8221;none&#8221; css=&#8221;.vc_custom_1647969235473{margin-top: 0px !important;padding-top: 0px !important;}&#8221;]<b>5 nap, 6 mesterkurzus, k\u00f6zel 100 bor\u00e1szat, t\u00f6bb mint 100 nemzetk\u00f6zi szakember<\/b><\/p>\n<p>Az Agr\u00e1rmarketing Centrum\u00a0<b>2022. m\u00e1rcius 20\u201324<\/b>. k\u00f6z\u00f6tt els\u0151 alkalommal rendezi meg nagyszab\u00e1s\u00fa szakmai rendezv\u00e9ny\u00e9t, a\u00a0<b>Hungarian Wine Summitot<\/b>. Az \u00f6tnapos esem\u00e9nyre magyar \u00e9s nemzetk\u00f6zi borszak\u00e9rt\u0151ket v\u00e1rnak: borszak\u00edr\u00f3kat, keresked\u0151ket, sommelier-ket, Master of Wine szak\u00e9rt\u0151ket.<\/p>\n<p><i>\u201eEz az esem\u00e9ny \u2013 ahogy a Hungarian Wine Business Program rendezv\u00e9nyei is \u2013 azt a\u00a0<\/i><b><i>hossz\u00fa t\u00e1v\u00fa c\u00e9lt<\/i><\/b><i>\u00a0szolg\u00e1lja, hogy a magyar bor elfoglalja\u00a0<\/i><b><i>m\u00e9lt\u00f3 hely\u00e9t<\/i><\/b><i>\u00a0a nemzetk\u00f6zi borpiacon, \u00e9s m\u00e9g\u00a0<\/i><b><i>versenyk\u00e9pesebb\u00e9<\/i><\/b><i>\u00a0v\u00e1ljon az exportc\u00e9lorsz\u00e1gok piac\u00e1n.\u201d<\/i><\/p>\n<p>Nemzetk\u00f6zi szakmai megh\u00edvottjaink sz\u00e1m\u00e1ra a program\u00a0<b>2022. m\u00e1rcius 20-\u00e1n<\/b>\u00a0veszi kezdet\u00e9t, m\u00e1rcius 21-22-\u00e9n pedig Magyarorsz\u00e1g borr\u00e9gi\u00f3iba utaznak k\u00e9tnapos\u00a0<b>study tour<\/b>\u00a0keretein bel\u00fcl, hogy autentikus k\u00f6rnyezetben ismerkedhessenek meg bor\u00e1szainkkal \u00e9s a magyar borvil\u00e1ggal.<\/p>\n<p>A szakmai k\u00f6z\u00f6ns\u00e9g\u00a0<b>2022. m\u00e1rcius 22-24<\/b>. k\u00f6z\u00f6tt\u00a0<b>mesterkurzusok<\/b>\u00a0\u00e9s\u00a0<b>s\u00e9t\u00e1l\u00f3k\u00f3stol\u00f3k\u00a0<\/b>keret\u00e9ben ismerkedhet meg a magyar borokkal, tov\u00e1bb\u00e1 lehet\u0151s\u00e9g ny\u00edlik\u00a0<b>szem\u00e9lyes tal\u00e1lkoz\u00e1s<\/b>ra\u00a0<b>magukkal a bor\u00e1szokkal is<\/b>.<\/p>\n<p>A Hungarian Wine Summit negyedik napj\u00e1n,\u00a0<b>2022. m\u00e1rcius 23-\u00e1n<\/b>\u00a0hat k\u00fcl\u00f6nb\u00f6z\u0151 t\u00e9m\u00e1j\u00fa mesterkurzuson vehetnek r\u00e9szt a vend\u00e9gek. A t\u00e9m\u00e1k kiv\u00e1laszt\u00e1sakor a f\u0151 szempont az volt, hogy a r\u00e9sztvev\u0151k \u00e1tfog\u00f3 k\u00e9pet kapjanak\u00a0<b>a magyar borvil\u00e1g soksz\u00edn\u0171s\u00e9g\u00e9r\u0151l<\/b>, a legfontosabb fajt\u00e1kr\u00f3l, st\u00edlusokr\u00f3l \u00e9s borvid\u00e9kekr\u0151l. A mesterkurzusok el\u0151ad\u00f3inak k\u00f6r\u00e9t a magyar piacot j\u00f3l ismer\u0151, neves hazai \u00e9s nemzetk\u00f6zi szak\u00e9rt\u0151k alkotj\u00e1k.[\/vc_column_text][\/vc_column][\/vc_row][vc_row][vc_column][\/vc_column][\/vc_row][vc_row][vc_column][vc_column_text]<\/p>\n<p>[\/vc_column_text][\/vc_column][\/vc_row]<\/p>\n","protected":false},"excerpt":{"rendered":"<p>[vc_row][vc_column][vc_column_text] Hungarian Wine Summit Wines of Hungary &#8211; Personally 2022. m\u00e1rcius 22-24. [\/vc_column_text][\/vc_column][\/vc_row][vc_row][vc_column css=&#8221;.vc_custom_1618308118536{margin-top: 30px !important;}&#8221;][vc_column_text] [\/vc_column_text][\/vc_column][\/vc_row][vc_row el_class=&#8221;hpblock1 tart&#8221;][vc_column css=&#8221;.vc_custom_1618308180016{margin-top: [&hellip;]<\/p>\n","protected":false},"author":7,"featured_media":0,"parent":0,"menu_order":0,"comment_status":"closed","ping_status":"closed","template":"page-templates\/home.php","meta":[],"acf":[],"yoast_head":"<!-- This site is optimized with the Yoast SEO plugin v18.1 - https:\/\/yoast.com\/wordpress\/plugins\/seo\/ -->\n<title>F\u0151oldal - Hungarian Wine Summit<\/title>\n<meta name=\"robots\" content=\"noindex, follow, max-snippet:-1, max-image-preview:large, max-video-preview:-1\" \/>\n<meta property=\"og:locale\" content=\"hu_HU\" \/>\n<meta property=\"og:type\" content=\"article\" \/>\n<meta property=\"og:title\" content=\"F\u0151oldal - Hungarian Wine Summit\" \/>\n<meta property=\"og:description\" content=\"[vc_row][vc_column][vc_column_text] Hungarian Wine Summit Wines of Hungary &#8211; Personally 2022. m\u00e1rcius 22-24. [\/vc_column_text][\/vc_column][\/vc_row][vc_row][vc_column css=&#8221;.vc_custom_1618308118536{margin-top: 30px !important;}&#8221;][vc_column_text] [\/vc_column_text][\/vc_column][\/vc_row][vc_row el_class=&#8221;hpblock1 tart&#8221;][vc_column css=&#8221;.vc_custom_1618308180016{margin-top: [&hellip;]\" \/>\n<meta property=\"og:url\" content=\"https:\/\/2022.hungarianwinesummit.com\/hu\/\" \/>\n<meta property=\"og:site_name\" content=\"Hungarian Wine Summit\" \/>\n<meta property=\"article:modified_time\" content=\"2022-04-04T15:33:36+00:00\" \/>\n<meta property=\"og:image\" content=\"https:\/\/2022.hungarianwinesummit.com\/wp-content\/uploads\/2022\/02\/summit-mainimg.jpg\" \/>\n<meta name=\"twitter:card\" content=\"summary_large_image\" \/>\n<meta name=\"twitter:label1\" content=\"Becs\u00fclt olvas\u00e1si id\u0151\" \/>\n\t<meta name=\"twitter:data1\" content=\"3 perc\" \/>\n<script type=\"application\/ld+json\" class=\"yoast-schema-graph\">{\"@context\":\"https:\/\/schema.org\",\"@graph\":[{\"@type\":\"WebSite\",\"@id\":\"https:\/\/2022.hungarianwinesummit.com\/#website\",\"url\":\"https:\/\/2022.hungarianwinesummit.com\/\",\"name\":\"Hungarian Wine Summit\",\"description\":\"\",\"potentialAction\":[{\"@type\":\"SearchAction\",\"target\":{\"@type\":\"EntryPoint\",\"urlTemplate\":\"https:\/\/2022.hungarianwinesummit.com\/?s={search_term_string}\"},\"query-input\":\"required name=search_term_string\"}],\"inLanguage\":\"hu\"},{\"@type\":\"ImageObject\",\"@id\":\"https:\/\/2022.hungarianwinesummit.com\/hu\/#primaryimage\",\"inLanguage\":\"hu\",\"url\":\"https:\/\/2022.hungarianwinesummit.com\/wp-content\/uploads\/2022\/02\/summit-mainimg.jpg\",\"contentUrl\":\"https:\/\/2022.hungarianwinesummit.com\/wp-content\/uploads\/2022\/02\/summit-mainimg.jpg\",\"width\":1280,\"height\":640},{\"@type\":\"WebPage\",\"@id\":\"https:\/\/2022.hungarianwinesummit.com\/hu\/#webpage\",\"url\":\"https:\/\/2022.hungarianwinesummit.com\/hu\/\",\"name\":\"F\u0151oldal - Hungarian Wine Summit\",\"isPartOf\":{\"@id\":\"https:\/\/2022.hungarianwinesummit.com\/#website\"},\"primaryImageOfPage\":{\"@id\":\"https:\/\/2022.hungarianwinesummit.com\/hu\/#primaryimage\"},\"datePublished\":\"2022-01-18T11:21:14+00:00\",\"dateModified\":\"2022-04-04T15:33:36+00:00\",\"breadcrumb\":{\"@id\":\"https:\/\/2022.hungarianwinesummit.com\/hu\/#breadcrumb\"},\"inLanguage\":\"hu\",\"potentialAction\":[{\"@type\":\"ReadAction\",\"target\":[\"https:\/\/2022.hungarianwinesummit.com\/hu\/\"]}]},{\"@type\":\"BreadcrumbList\",\"@id\":\"https:\/\/2022.hungarianwinesummit.com\/hu\/#breadcrumb\",\"itemListElement\":[{\"@type\":\"ListItem\",\"position\":1,\"name\":\"Home\",\"item\":\"https:\/\/2022.hungarianwinesummit.com\/hu\/\"},{\"@type\":\"ListItem\",\"position\":2,\"name\":\"F\u0151oldal\"}]}]}<\/script>\n<!-- \/ Yoast SEO plugin. -->","yoast_head_json":{"title":"F\u0151oldal - Hungarian Wine Summit","robots":{"index":"noindex","follow":"follow","max-snippet":"max-snippet:-1","max-image-preview":"max-image-preview:large","max-video-preview":"max-video-preview:-1"},"og_locale":"hu_HU","og_type":"article","og_title":"F\u0151oldal - Hungarian Wine Summit","og_description":"[vc_row][vc_column][vc_column_text] Hungarian Wine Summit Wines of Hungary &#8211; Personally 2022. m\u00e1rcius 22-24. [\/vc_column_text][\/vc_column][\/vc_row][vc_row][vc_column css=&#8221;.vc_custom_1618308118536{margin-top: 30px !important;}&#8221;][vc_column_text] [\/vc_column_text][\/vc_column][\/vc_row][vc_row el_class=&#8221;hpblock1 tart&#8221;][vc_column css=&#8221;.vc_custom_1618308180016{margin-top: [&hellip;]","og_url":"https:\/\/2022.hungarianwinesummit.com\/hu\/","og_site_name":"Hungarian Wine Summit","article_modified_time":"2022-04-04T15:33:36+00:00","og_image":[{"url":"https:\/\/2022.hungarianwinesummit.com\/wp-content\/uploads\/2022\/02\/summit-mainimg.jpg"}],"twitter_card":"summary_large_image","twitter_misc":{"Becs\u00fclt olvas\u00e1si id\u0151":"3 perc"},"schema":{"@context":"https:\/\/schema.org","@graph":[{"@type":"WebSite","@id":"https:\/\/2022.hungarianwinesummit.com\/#website","url":"https:\/\/2022.hungarianwinesummit.com\/","name":"Hungarian Wine Summit","description":"","potentialAction":[{"@type":"SearchAction","target":{"@type":"EntryPoint","urlTemplate":"https:\/\/2022.hungarianwinesummit.com\/?s={search_term_string}"},"query-input":"required name=search_term_string"}],"inLanguage":"hu"},{"@type":"ImageObject","@id":"https:\/\/2022.hungarianwinesummit.com\/hu\/#primaryimage","inLanguage":"hu","url":"https:\/\/2022.hungarianwinesummit.com\/wp-content\/uploads\/2022\/02\/summit-mainimg.jpg","contentUrl":"https:\/\/2022.hungarianwinesummit.com\/wp-content\/uploads\/2022\/02\/summit-mainimg.jpg","width":1280,"height":640},{"@type":"WebPage","@id":"https:\/\/2022.hungarianwinesummit.com\/hu\/#webpage","url":"https:\/\/2022.hungarianwinesummit.com\/hu\/","name":"F\u0151oldal - Hungarian Wine Summit","isPartOf":{"@id":"https:\/\/2022.hungarianwinesummit.com\/#website"},"primaryImageOfPage":{"@id":"https:\/\/2022.hungarianwinesummit.com\/hu\/#primaryimage"},"datePublished":"2022-01-18T11:21:14+00:00","dateModified":"2022-04-04T15:33:36+00:00","breadcrumb":{"@id":"https:\/\/2022.hungarianwinesummit.com\/hu\/#breadcrumb"},"inLanguage":"hu","potentialAction":[{"@type":"ReadAction","target":["https:\/\/2022.hungarianwinesummit.com\/hu\/"]}]},{"@type":"BreadcrumbList","@id":"https:\/\/2022.hungarianwinesummit.com\/hu\/#breadcrumb","itemListElement":[{"@type":"ListItem","position":1,"name":"Home","item":"https:\/\/2022.hungarianwinesummit.com\/hu\/"},{"@type":"ListItem","position":2,"name":"F\u0151oldal"}]}]}},"_links":{"self":[{"href":"https:\/\/2022.hungarianwinesummit.com\/hu\/wp-json\/wp\/v2\/pages\/2989"}],"collection":[{"href":"https:\/\/2022.hungarianwinesummit.com\/hu\/wp-json\/wp\/v2\/pages"}],"about":[{"href":"https:\/\/2022.hungarianwinesummit.com\/hu\/wp-json\/wp\/v2\/types\/page"}],"author":[{"embeddable":true,"href":"https:\/\/2022.hungarianwinesummit.com\/hu\/wp-json\/wp\/v2\/users\/7"}],"replies":[{"embeddable":true,"href":"https:\/\/2022.hungarianwinesummit.com\/hu\/wp-json\/wp\/v2\/comments?post=2989"}],"version-history":[{"count":39,"href":"https:\/\/2022.hungarianwinesummit.com\/hu\/wp-json\/wp\/v2\/pages\/2989\/revisions"}],"predecessor-version":[{"id":7209,"href":"https:\/\/2022.hungarianwinesummit.com\/hu\/wp-json\/wp\/v2\/pages\/2989\/revisions\/7209"}],"wp:attachment":[{"href":"https:\/\/2022.hungarianwinesummit.com\/hu\/wp-json\/wp\/v2\/media?parent=2989"}],"curies":[{"name":"wp","href":"https:\/\/api.w.org\/{rel}","templated":true}]}}