{"id":2992,"date":"2022-01-18T12:22:53","date_gmt":"2022-01-18T11:22:53","guid":{"rendered":"https:\/\/www.hungarianwinesummit.com\/?page_id=2992"},"modified":"2022-04-05T19:58:20","modified_gmt":"2022-04-05T17:58:20","slug":"press","status":"publish","type":"page","link":"https:\/\/2022.hungarianwinesummit.com\/hu\/sajto","title":{"rendered":"Sajt\u00f3"},"content":{"rendered":"<p>[vc_row el_class=&#8221;tart&#8221;][vc_column][vc_column_text]<\/p>\n<header class=\"pageheader\">\n<h1 class=\"entry-title\">Sajt\u00f3<\/h1>\n<\/header>\n<p>[\/vc_column_text][\/vc_column][\/vc_row][vc_row][vc_column][vc_column_text]<br \/>\n[\/vc_column_text][\/vc_column][\/vc_row][vc_row][vc_column][vc_column_text css=&#8221;.vc_custom_1649072196469{border-bottom-width: 1px !important;border-bottom-color: #dddddd !important;}&#8221; el_class=&#8221;borderbottom&#8221;]<\/p>\n<p style=\"text-align: center;\"><strong>K\u00fclf\u00f6ldi szaktekint\u00e9lyek a magyar borvid\u00e9keken<\/strong><br \/>\n<em>Demokrata<\/em><br \/>\n<a class=\"button red\" href=\"https:\/\/demokrata.hu\/magyarorszag\/kulfoldi-szaktekintelyek-a-magyar-borvidekeken-508340\/\" target=\"_blank\" rel=\"noopener\">Tov\u00e1bb a cikkre<\/a><\/p>\n<p>[\/vc_column_text][vc_column_text css=&#8221;.vc_custom_1649074867954{border-bottom-width: 1px !important;border-bottom-color: #dddddd !important;}&#8221; el_class=&#8221;borderbottom&#8221;]<\/p>\n<p style=\"text-align: center;\"><strong>\u201eAdj valami igaz\u00e1n k\u00fcl\u00f6nlegeset. Csak ne legyen t\u00fal neh\u00e9z kiejteni!\u201d \u2013 nemzetk\u00f6zi szak\u00e9rt\u0151k a magyar borokr\u00f3l<\/strong><br \/>\n<em>Mandiner<\/em><br \/>\n<a class=\"button red\" href=\"https:\/\/mandiner.hu\/cikk\/20220323_hungarian_wine_summit_szakertok\" target=\"_blank\" rel=\"noopener\">Tov\u00e1bb a cikkre<\/a><\/p>\n<p>[\/vc_column_text][vc_column_text css=&#8221;.vc_custom_1649074903592{border-bottom-width: 1px !important;border-bottom-color: #dddddd !important;}&#8221; el_class=&#8221;borderbottom&#8221;]<\/p>\n<p style=\"text-align: center;\"><strong>Magyarorsz\u00e1gra figyelt a nemzetk\u00f6zi borvil\u00e1g <\/strong><br \/>\n<em>Mandiner<\/em><br \/>\n<a class=\"button red\" href=\"https:\/\/mandiner.hu\/cikk\/20220330_magyar_borok_hungarian_wine_summit\" target=\"_blank\" rel=\"noopener\">Tov\u00e1bb a cikkre<\/a><\/p>\n<p>[\/vc_column_text][vc_column_text css=&#8221;.vc_custom_1649178592987{border-bottom-width: 1px !important;border-bottom-color: #dddddd !important;}&#8221; el_class=&#8221;borderbottom&#8221;]<\/p>\n<p style=\"text-align: center;\"><strong>A magyar bor sokkal t\u00f6bb egy exportcikkn\u00e9l<\/strong><br \/>\n<em>Borsmenta<\/em><br \/>\n<a class=\"button red\" href=\"https:\/\/www.borsmenta.hu\/beszelgetunk\/ondre-peter-amc-interju-hungarian-wine-summit\" target=\"_blank\" rel=\"noopener\">Tov\u00e1bb a cikkre<\/a><\/p>\n<p>[\/vc_column_text][vc_column_text css=&#8221;.vc_custom_1649178612506{border-bottom-width: 1px !important;border-bottom-color: #dddddd !important;}&#8221; el_class=&#8221;borderbottom&#8221;]<\/p>\n<p style=\"text-align: center;\"><strong>Elstartolt a Hungarian Wine Summit<\/strong><br \/>\n<em>Borsmenta<\/em><br \/>\n<a class=\"button red\" href=\"https:\/\/www.borsmenta.hu\/iszunk\/elstartolt-a-hungarian-wine-summit\" target=\"_blank\" rel=\"noopener\">Tov\u00e1bb a cikkre<\/a><\/p>\n<p>[\/vc_column_text][vc_column_text css=&#8221;.vc_custom_1649178628770{border-bottom-width: 1px !important;border-bottom-color: #dddddd !important;}&#8221; el_class=&#8221;borderbottom&#8221;]<\/p>\n<p style=\"text-align: center;\"><strong>\u00d6r\u00f6m\u00fcnnep volt a magyar borok cs\u00facstal\u00e1lkoz\u00f3ja!<\/strong><br \/>\n<em>Borsmenta<\/em><br \/>\n<a class=\"button red\" href=\"https:\/\/www.borsmenta.hu\/iszunk\/hungarian-wine-summit-2022-budapest\" target=\"_blank\" rel=\"noopener\">Tov\u00e1bb a cikkre<\/a><\/p>\n<p>[\/vc_column_text][vc_column_text css=&#8221;.vc_custom_1649075175458{border-bottom-width: 1px !important;border-bottom-color: #dddddd !important;}&#8221; el_class=&#8221;borderbottom&#8221;]<\/p>\n<p style=\"text-align: center;\"><strong>Az \u00e9let \u00e9rtelme egy poh\u00e1r olaszrizlingben<\/strong><br \/>\n<em>P\u00e9csi Boroz\u00f3<\/em><br \/>\n<a class=\"button red\" href=\"https:\/\/www.pecsiborozo.hu\/blog\/az-elet-ertelme-egy-pohar-olaszrizlingben\" target=\"_blank\" rel=\"noopener\">Tov\u00e1bb a cikkre<\/a><\/p>\n<p>[\/vc_column_text][vc_column_text css=&#8221;.vc_custom_1649181496581{border-bottom-width: 1px !important;border-bottom-color: #dddddd !important;}&#8221; el_class=&#8221;borderbottom&#8221;]<\/p>\n<p style=\"text-align: center;\"><strong>Studytouron az \u00c9szak-Pannon Borr\u00e9gi\u00f3ban<\/strong><br \/>\n<em>Bor \u00e9s Piac<\/em><br \/>\n<a class=\"button red\" href=\"https:\/\/borespiac.hu\/2022\/03\/31\/study-touron-az-eszak-pannon-borregioban\/\" target=\"_blank\" rel=\"noopener\">Tov\u00e1bb a cikkre<\/a><\/p>\n<p>[\/vc_column_text][vc_column_text el_class=&#8221;borderbottom&#8221;]<\/p>\n<p style=\"text-align: center;\"><strong>N\u00f6velni a magyar bor exportj\u00e1t<\/strong><br \/>\n<em>Demokrata<\/em><br \/>\n<a class=\"button red\" href=\"https:\/\/demokrata.hu\/magyarorszag\/novelni-a-magyar-bor-exportjat-504891\/\" target=\"_blank\" rel=\"noopener\">Tov\u00e1bb a cikkre<\/a><\/p>\n<p>[\/vc_column_text][vc_column_text css=&#8221;.vc_custom_1649072015388{border-bottom-width: 1px !important;border-bottom-color: #dddddd !important;}&#8221; el_class=&#8221;borderbottom&#8221;]<\/p>\n<p style=\"text-align: center;\"><strong>Hungarian Wine Summit: A magyar borok cs\u00facstal\u00e1lkoz\u00f3ja<\/strong><br \/>\n<em>Vince<\/em><br \/>\n<a class=\"button red\" href=\"https:\/\/vince.hu\/kortyok\/borkostolo-budapest-bocuse-sirha?utm_source=sendinblue&amp;utm_campaign=Vince%200310&amp;utm_medium=email\" target=\"_blank\" rel=\"noopener\">Tov\u00e1bb a cikkre<\/a><\/p>\n<p>[\/vc_column_text][vc_column_text css=&#8221;.vc_custom_1649072170838{border-bottom-width: 1px !important;border-bottom-color: #dddddd !important;}&#8221; el_class=&#8221;borderbottom&#8221;]<\/p>\n<p style=\"text-align: center;\"><strong>A nemzetk\u00f6zi k\u00f6z\u00f6ns\u00e9gnek itthon mutatkoznak be a magyar borok<\/strong><br \/>\n<em>Magyar Konyha<\/em><br \/>\n<a class=\"button red\" href=\"https:\/\/magyarkonyhaonline.hu\/cikkek\/a-nemzetkozi-kozonsegnek-itthon-mutatkoznak-be-a-magyar-borok\" target=\"_blank\" rel=\"noopener\">Tov\u00e1bb a cikkre<\/a><\/p>\n<p>[\/vc_column_text][vc_column_text css=&#8221;.vc_custom_1649075065433{border-bottom-width: 1px !important;border-bottom-color: #dddddd !important;}&#8221; el_class=&#8221;borderbottom&#8221;]<\/p>\n<p style=\"text-align: center;\"><strong>Gy\u00f6ny\u00f6r\u0171en deb\u00fct\u00e1lt a Hungarian Wine Summit<\/strong><br \/>\n<em>Borjour<\/em><br \/>\n<a class=\"button red\" href=\"https:\/\/borjour.hu\/hungarian-wine-summit\/\" target=\"_blank\" rel=\"noopener\">Tov\u00e1bb a cikkre<\/a><\/p>\n<p>[\/vc_column_text][vc_column_text]A <a href=\"https:\/\/https:\/\/hungarianwines.eu\/\" target=\"_blank\" rel=\"noopener\">HungarianWines.eu<\/a> angol nyelv\u0171 online bormagazin rendszeresen friss h\u00edreket k\u00f6z\u00f6l a magyar borok vil\u00e1g\u00e1r\u00f3l. Al\u00e1bbi cikk\u00e9ben a Hungarian Wine Summiton val\u00f3 r\u00e9szv\u00e9telre invit\u00e1l, \u00f6sszefoglalva a legfontosabb inform\u00e1ci\u00f3kat a rendezv\u00e9nyr\u0151l.[\/vc_column_text][vc_column_text]<\/p>\n<p style=\"text-align: center;\"><a class=\"button red\" style=\"font-size: 22px;\" href=\"https:\/\/hungarianwines.eu\/hungarian-wine-summit-22-24-march-budapest\/\" target=\"_blank\" rel=\"noopener noreferrer\">TOV\u00c1BB<\/a><\/p>\n<p>[\/vc_column_text][\/vc_column][\/vc_row]<\/p>\n","protected":false},"excerpt":{"rendered":"<p>[vc_row el_class=&#8221;tart&#8221;][vc_column][vc_column_text] Sajt\u00f3 [\/vc_column_text][\/vc_column][\/vc_row][vc_row][vc_column][vc_column_text] [\/vc_column_text][\/vc_column][\/vc_row][vc_row][vc_column][vc_column_text css=&#8221;.vc_custom_1649072196469{border-bottom-width: 1px !important;border-bottom-color: #dddddd !important;}&#8221; el_class=&#8221;borderbottom&#8221;] K\u00fclf\u00f6ldi szaktekint\u00e9lyek a magyar borvid\u00e9keken Demokrata Tov\u00e1bb a cikkre [&hellip;]<\/p>\n","protected":false},"author":7,"featured_media":0,"parent":0,"menu_order":0,"comment_status":"closed","ping_status":"closed","template":"","meta":[],"acf":[],"yoast_head":"<!-- This site is optimized with the Yoast SEO plugin v18.1 - https:\/\/yoast.com\/wordpress\/plugins\/seo\/ -->\n<title>Sajt\u00f3 - Hungarian Wine Summit<\/title>\n<meta name=\"robots\" content=\"noindex, follow, max-snippet:-1, max-image-preview:large, max-video-preview:-1\" \/>\n<meta property=\"og:locale\" content=\"hu_HU\" \/>\n<meta property=\"og:type\" content=\"article\" \/>\n<meta property=\"og:title\" content=\"Sajt\u00f3 - Hungarian Wine Summit\" \/>\n<meta property=\"og:description\" content=\"[vc_row el_class=&#8221;tart&#8221;][vc_column][vc_column_text] Sajt\u00f3 [\/vc_column_text][\/vc_column][\/vc_row][vc_row][vc_column][vc_column_text] [\/vc_column_text][\/vc_column][\/vc_row][vc_row][vc_column][vc_column_text css=&#8221;.vc_custom_1649072196469{border-bottom-width: 1px !important;border-bottom-color: #dddddd !important;}&#8221; el_class=&#8221;borderbottom&#8221;] K\u00fclf\u00f6ldi szaktekint\u00e9lyek a magyar borvid\u00e9keken Demokrata Tov\u00e1bb a cikkre [&hellip;]\" \/>\n<meta property=\"og:url\" content=\"https:\/\/2022.hungarianwinesummit.com\/hu\/sajto\/\" \/>\n<meta property=\"og:site_name\" content=\"Hungarian Wine Summit\" \/>\n<meta property=\"article:modified_time\" content=\"2022-04-05T17:58:20+00:00\" \/>\n<meta name=\"twitter:card\" content=\"summary_large_image\" \/>\n<meta name=\"twitter:label1\" content=\"Becs\u00fclt olvas\u00e1si id\u0151\" \/>\n\t<meta name=\"twitter:data1\" content=\"2 perc\" \/>\n<script type=\"application\/ld+json\" class=\"yoast-schema-graph\">{\"@context\":\"https:\/\/schema.org\",\"@graph\":[{\"@type\":\"WebSite\",\"@id\":\"https:\/\/2022.hungarianwinesummit.com\/#website\",\"url\":\"https:\/\/2022.hungarianwinesummit.com\/\",\"name\":\"Hungarian Wine Summit\",\"description\":\"\",\"potentialAction\":[{\"@type\":\"SearchAction\",\"target\":{\"@type\":\"EntryPoint\",\"urlTemplate\":\"https:\/\/2022.hungarianwinesummit.com\/?s={search_term_string}\"},\"query-input\":\"required name=search_term_string\"}],\"inLanguage\":\"hu\"},{\"@type\":\"WebPage\",\"@id\":\"https:\/\/2022.hungarianwinesummit.com\/hu\/sajto\/#webpage\",\"url\":\"https:\/\/2022.hungarianwinesummit.com\/hu\/sajto\/\",\"name\":\"Sajt\u00f3 - Hungarian Wine Summit\",\"isPartOf\":{\"@id\":\"https:\/\/2022.hungarianwinesummit.com\/#website\"},\"datePublished\":\"2022-01-18T11:22:53+00:00\",\"dateModified\":\"2022-04-05T17:58:20+00:00\",\"breadcrumb\":{\"@id\":\"https:\/\/2022.hungarianwinesummit.com\/hu\/sajto\/#breadcrumb\"},\"inLanguage\":\"hu\",\"potentialAction\":[{\"@type\":\"ReadAction\",\"target\":[\"https:\/\/2022.hungarianwinesummit.com\/hu\/sajto\/\"]}]},{\"@type\":\"BreadcrumbList\",\"@id\":\"https:\/\/2022.hungarianwinesummit.com\/hu\/sajto\/#breadcrumb\",\"itemListElement\":[{\"@type\":\"ListItem\",\"position\":1,\"name\":\"Home\",\"item\":\"https:\/\/2022.hungarianwinesummit.com\/hu\/\"},{\"@type\":\"ListItem\",\"position\":2,\"name\":\"Sajt\u00f3\"}]}]}<\/script>\n<!-- \/ Yoast SEO plugin. -->","yoast_head_json":{"title":"Sajt\u00f3 - Hungarian Wine Summit","robots":{"index":"noindex","follow":"follow","max-snippet":"max-snippet:-1","max-image-preview":"max-image-preview:large","max-video-preview":"max-video-preview:-1"},"og_locale":"hu_HU","og_type":"article","og_title":"Sajt\u00f3 - Hungarian Wine Summit","og_description":"[vc_row el_class=&#8221;tart&#8221;][vc_column][vc_column_text] Sajt\u00f3 [\/vc_column_text][\/vc_column][\/vc_row][vc_row][vc_column][vc_column_text] [\/vc_column_text][\/vc_column][\/vc_row][vc_row][vc_column][vc_column_text css=&#8221;.vc_custom_1649072196469{border-bottom-width: 1px !important;border-bottom-color: #dddddd !important;}&#8221; el_class=&#8221;borderbottom&#8221;] K\u00fclf\u00f6ldi szaktekint\u00e9lyek a magyar borvid\u00e9keken Demokrata Tov\u00e1bb a cikkre [&hellip;]","og_url":"https:\/\/2022.hungarianwinesummit.com\/hu\/sajto\/","og_site_name":"Hungarian Wine Summit","article_modified_time":"2022-04-05T17:58:20+00:00","twitter_card":"summary_large_image","twitter_misc":{"Becs\u00fclt olvas\u00e1si id\u0151":"2 perc"},"schema":{"@context":"https:\/\/schema.org","@graph":[{"@type":"WebSite","@id":"https:\/\/2022.hungarianwinesummit.com\/#website","url":"https:\/\/2022.hungarianwinesummit.com\/","name":"Hungarian Wine Summit","description":"","potentialAction":[{"@type":"SearchAction","target":{"@type":"EntryPoint","urlTemplate":"https:\/\/2022.hungarianwinesummit.com\/?s={search_term_string}"},"query-input":"required name=search_term_string"}],"inLanguage":"hu"},{"@type":"WebPage","@id":"https:\/\/2022.hungarianwinesummit.com\/hu\/sajto\/#webpage","url":"https:\/\/2022.hungarianwinesummit.com\/hu\/sajto\/","name":"Sajt\u00f3 - Hungarian Wine Summit","isPartOf":{"@id":"https:\/\/2022.hungarianwinesummit.com\/#website"},"datePublished":"2022-01-18T11:22:53+00:00","dateModified":"2022-04-05T17:58:20+00:00","breadcrumb":{"@id":"https:\/\/2022.hungarianwinesummit.com\/hu\/sajto\/#breadcrumb"},"inLanguage":"hu","potentialAction":[{"@type":"ReadAction","target":["https:\/\/2022.hungarianwinesummit.com\/hu\/sajto\/"]}]},{"@type":"BreadcrumbList","@id":"https:\/\/2022.hungarianwinesummit.com\/hu\/sajto\/#breadcrumb","itemListElement":[{"@type":"ListItem","position":1,"name":"Home","item":"https:\/\/2022.hungarianwinesummit.com\/hu\/"},{"@type":"ListItem","position":2,"name":"Sajt\u00f3"}]}]}},"_links":{"self":[{"href":"https:\/\/2022.hungarianwinesummit.com\/hu\/wp-json\/wp\/v2\/pages\/2992"}],"collection":[{"href":"https:\/\/2022.hungarianwinesummit.com\/hu\/wp-json\/wp\/v2\/pages"}],"about":[{"href":"https:\/\/2022.hungarianwinesummit.com\/hu\/wp-json\/wp\/v2\/types\/page"}],"author":[{"embeddable":true,"href":"https:\/\/2022.hungarianwinesummit.com\/hu\/wp-json\/wp\/v2\/users\/7"}],"replies":[{"embeddable":true,"href":"https:\/\/2022.hungarianwinesummit.com\/hu\/wp-json\/wp\/v2\/comments?post=2992"}],"version-history":[{"count":13,"href":"https:\/\/2022.hungarianwinesummit.com\/hu\/wp-json\/wp\/v2\/pages\/2992\/revisions"}],"predecessor-version":[{"id":7219,"href":"https:\/\/2022.hungarianwinesummit.com\/hu\/wp-json\/wp\/v2\/pages\/2992\/revisions\/7219"}],"wp:attachment":[{"href":"https:\/\/2022.hungarianwinesummit.com\/hu\/wp-json\/wp\/v2\/media?parent=2992"}],"curies":[{"name":"wp","href":"https:\/\/api.w.org\/{rel}","templated":true}]}}