{"id":3064,"date":"2022-01-31T11:22:33","date_gmt":"2022-01-31T10:22:33","guid":{"rendered":"https:\/\/www.hungarianwinesummit.com\/?page_id=3064"},"modified":"2022-03-18T15:50:29","modified_gmt":"2022-03-18T14:50:29","slug":"informacio","status":"publish","type":"page","link":"https:\/\/2022.hungarianwinesummit.com\/hu\/informacio","title":{"rendered":"Inform\u00e1ci\u00f3"},"content":{"rendered":"<p>[vc_row el_class=&#8221;tart&#8221;][vc_column][vc_column_text]<\/p>\n<header class=\"pageheader\">\n<h1 class=\"entry-title\">Inform\u00e1ci\u00f3k<\/h1>\n<\/header>\n<p>[\/vc_column_text][vc_column_text]<strong>Az esem\u00e9ny id\u0151pontja:<\/strong><br \/>\n2022. m\u00e1rcius 22\u201324.<\/p>\n<p><strong>Helysz\u00edn:<\/strong> Budapest, HUNGEXPO Budapest Kongresszusi \u00e9s Ki\u00e1ll\u00edt\u00e1si K\u00f6zpont \u2013 <a href=\"https:\/\/www.google.com\/maps\/place\/Budapest,+Hungexpo,+HUNGEXPO+Budapesti+V%C3%A1s%C3%A1rk%C3%B6zpont+F%C5%91t%C3%A9r\/@47.4926705,19.1160631,15.02z\/data=!4m5!3m4!1s0x4741dd18f7a62711:0xc2a5fd1d690da3e1!8m2!3d47.4936582!4d19.1220006?shorturl=1\"><strong>\u00fatvonal<\/strong><\/a><\/p>\n<p><strong>Megk\u00f6zel\u00edt\u00e9s:<\/strong><\/p>\n<p><strong>Metr\u00f3val:<\/strong> az M2-es metr\u00f3vonalon a v\u00e9g\u00e1llom\u00e1sig (\u00d6rs vez\u00e9r tere), k\u00f6zvetlen csatlakoz\u00e1s a <strong><a href=\"https:\/\/bkk.hu\/menetrendek\/#10\">10-es buszhoz<\/a><\/strong>, azzal a III. kapuig, vagy gyalog a Pillang\u00f3 utca metr\u00f3meg\u00e1ll\u00f3t\u00f3l (kb. 30 perc). A 10-es busz a v\u00e1s\u00e1r ideje alatt gyakrabban k\u00f6zlekedik.<br \/>\n<strong>Villamossal:<\/strong> a 37 vagy a 37A jel\u0171 villamosra a Blaha Lujza t\u00e9r v\u00e9g\u00e1llom\u00e1son a N\u00e9psz\u00ednh\u00e1z utc\u00e1ban lehet felsz\u00e1llni, majd a K\u0151b\u00e1nya fels\u0151 vas\u00fat\u00e1llom\u00e1sn\u00e1l kell lesz\u00e1llni. Innen gyalog kb. negyed\u00f3ra alatt k\u00f6zel\u00edthet\u0151 meg a helysz\u00edn, vagy a <a href=\"https:\/\/bkk.hu\/menetrendek\/#10\"><strong>10-es buszra<\/strong><\/a> felsz\u00e1llva a III. kapun\u00e1l lehet lesz\u00e1llni.<br \/>\n<strong>Aut\u00f3val:<\/strong> a Kerepesi \u00faton a belv\u00e1rosb\u00f3l.<br \/>\n<strong>Vonattal:<\/strong> a Keleti p\u00e1lyaudvarr\u00f3l K\u0151b\u00e1nya fels\u0151 vas\u00fat\u00e1llom\u00e1sig, ahonnan gyalog kb. negyed\u00f3ra alatt k\u00f6zel\u00edthet\u0151 meg a helysz\u00edn, vagy a <strong><a href=\"https:\/\/bkk.hu\/menetrendek\/#10\">10-es buszra<\/a><\/strong> felsz\u00e1llva a III. kapu meg\u00e1ll\u00f3n\u00e1l lehet lesz\u00e1llni.<br \/>\n<strong>Ker\u00e9kp\u00e1rral:<\/strong> a Kerepesi vagy a Feh\u00e9r utca ir\u00e1ny\u00e1b\u00f3l v\u00e9gig az Albertirsai utc\u00e1n. A III. kapun\u00e1l biciklit\u00e1rol\u00f3t alak\u00edtottak ki.<\/p>\n<p><strong>R\u00e9sztvev\u0151k:<\/strong> k\u00f6zel 100 ki\u00e1ll\u00edt\u00f3 \u2013 a magyar borvid\u00e9keket k\u00e9pvisel\u0151 bor\u00e1szok<\/p>\n<p><strong>Nyitvatart\u00e1s:<\/strong> kedd\u2013cs\u00fct\u00f6rt\u00f6k 10.00\u201318.00<\/p>\n<p><strong>Szervez\u0151:<\/strong> Agr\u00e1rmarketing Centrum<\/p>\n<p>Az Agr\u00e1rmarketing Centrum 2022. m\u00e1rcius 22. \u00e9s 24. k\u00f6z\u00f6tt els\u0151 alkalommal szervezi meg hagyom\u00e1nyteremt\u0151 c\u00e9llal nagyszab\u00e1s\u00fa, nemzetk\u00f6zi szakmai k\u00f6z\u00f6ns\u00e9get vonz\u00f3 rendezv\u00e9ny\u00e9t, a Hungarian Wine Summitot a SIRHA ki\u00e1ll\u00edt\u00e1shoz kapcsol\u00f3dva. A Hungexpo A pavilonj\u00e1ban mintegy 800 n\u00e9gyzetm\u00e9teren bor\u00e1szati ki\u00e1ll\u00edt\u00f3teret alak\u00edtunk ki, reprezent\u00e1lva haz\u00e1nk hat borr\u00e9gi\u00f3j\u00e1t.<\/p>\n<p>A szakki\u00e1ll\u00edt\u00e1son k\u00f6zel 150 befoly\u00e1sos k\u00fclf\u00f6ldi szakember k\u00f3stolja majd a ki\u00e1ll\u00edtott borokat \u2013 ilyen nagysz\u00e1m\u00fa nemzetk\u00f6zi szak\u00e9rt\u0151t m\u00e9g egyetlen hazai rendezv\u00e9ny sem l\u00e1tott vend\u00e9g\u00fcl. A k\u00fclf\u00f6ldi szakmai vend\u00e9geken k\u00edv\u00fcl term\u00e9szetesen a hazai borszakma fontos k\u00e9pvisel\u0151i is jelen lesznek.[\/vc_column_text][\/vc_column][\/vc_row][vc_row][vc_column][vc_single_image image=&#8221;6758&#8243; img_size=&#8221;full&#8221;][\/vc_column][\/vc_row][vc_row][vc_column][vc_single_image image=&#8221;6761&#8243; img_size=&#8221;full&#8221;][\/vc_column][\/vc_row]<\/p>\n","protected":false},"excerpt":{"rendered":"<p>[vc_row el_class=&#8221;tart&#8221;][vc_column][vc_column_text] Inform\u00e1ci\u00f3k [\/vc_column_text][vc_column_text]Az esem\u00e9ny id\u0151pontja: 2022. m\u00e1rcius 22\u201324. Helysz\u00edn: Budapest, HUNGEXPO Budapest Kongresszusi \u00e9s Ki\u00e1ll\u00edt\u00e1si K\u00f6zpont \u2013 \u00fatvonal Megk\u00f6zel\u00edt\u00e9s: [&hellip;]<\/p>\n","protected":false},"author":7,"featured_media":0,"parent":0,"menu_order":0,"comment_status":"closed","ping_status":"closed","template":"","meta":[],"acf":[],"yoast_head":"<!-- This site is optimized with the Yoast SEO plugin v18.1 - https:\/\/yoast.com\/wordpress\/plugins\/seo\/ -->\n<title>Inform\u00e1ci\u00f3 - Hungarian Wine Summit<\/title>\n<meta name=\"robots\" content=\"noindex, follow, max-snippet:-1, max-image-preview:large, max-video-preview:-1\" \/>\n<meta property=\"og:locale\" content=\"hu_HU\" \/>\n<meta property=\"og:type\" content=\"article\" \/>\n<meta property=\"og:title\" content=\"Inform\u00e1ci\u00f3 - Hungarian Wine Summit\" \/>\n<meta property=\"og:description\" content=\"[vc_row el_class=&#8221;tart&#8221;][vc_column][vc_column_text] Inform\u00e1ci\u00f3k [\/vc_column_text][vc_column_text]Az esem\u00e9ny id\u0151pontja: 2022. m\u00e1rcius 22\u201324. Helysz\u00edn: Budapest, HUNGEXPO Budapest Kongresszusi \u00e9s Ki\u00e1ll\u00edt\u00e1si K\u00f6zpont \u2013 \u00fatvonal Megk\u00f6zel\u00edt\u00e9s: [&hellip;]\" \/>\n<meta property=\"og:url\" content=\"https:\/\/2022.hungarianwinesummit.com\/hu\/informacio\/\" \/>\n<meta property=\"og:site_name\" content=\"Hungarian Wine Summit\" \/>\n<meta property=\"article:modified_time\" content=\"2022-03-18T14:50:29+00:00\" \/>\n<meta name=\"twitter:card\" content=\"summary_large_image\" \/>\n<meta name=\"twitter:label1\" content=\"Becs\u00fclt olvas\u00e1si id\u0151\" \/>\n\t<meta name=\"twitter:data1\" content=\"2 perc\" \/>\n<script type=\"application\/ld+json\" class=\"yoast-schema-graph\">{\"@context\":\"https:\/\/schema.org\",\"@graph\":[{\"@type\":\"WebSite\",\"@id\":\"https:\/\/2022.hungarianwinesummit.com\/#website\",\"url\":\"https:\/\/2022.hungarianwinesummit.com\/\",\"name\":\"Hungarian Wine Summit\",\"description\":\"\",\"potentialAction\":[{\"@type\":\"SearchAction\",\"target\":{\"@type\":\"EntryPoint\",\"urlTemplate\":\"https:\/\/2022.hungarianwinesummit.com\/?s={search_term_string}\"},\"query-input\":\"required name=search_term_string\"}],\"inLanguage\":\"hu\"},{\"@type\":\"WebPage\",\"@id\":\"https:\/\/2022.hungarianwinesummit.com\/hu\/informacio\/#webpage\",\"url\":\"https:\/\/2022.hungarianwinesummit.com\/hu\/informacio\/\",\"name\":\"Inform\u00e1ci\u00f3 - Hungarian Wine Summit\",\"isPartOf\":{\"@id\":\"https:\/\/2022.hungarianwinesummit.com\/#website\"},\"datePublished\":\"2022-01-31T10:22:33+00:00\",\"dateModified\":\"2022-03-18T14:50:29+00:00\",\"breadcrumb\":{\"@id\":\"https:\/\/2022.hungarianwinesummit.com\/hu\/informacio\/#breadcrumb\"},\"inLanguage\":\"hu\",\"potentialAction\":[{\"@type\":\"ReadAction\",\"target\":[\"https:\/\/2022.hungarianwinesummit.com\/hu\/informacio\/\"]}]},{\"@type\":\"BreadcrumbList\",\"@id\":\"https:\/\/2022.hungarianwinesummit.com\/hu\/informacio\/#breadcrumb\",\"itemListElement\":[{\"@type\":\"ListItem\",\"position\":1,\"name\":\"Home\",\"item\":\"https:\/\/2022.hungarianwinesummit.com\/hu\/\"},{\"@type\":\"ListItem\",\"position\":2,\"name\":\"Inform\u00e1ci\u00f3\"}]}]}<\/script>\n<!-- \/ Yoast SEO plugin. -->","yoast_head_json":{"title":"Inform\u00e1ci\u00f3 - Hungarian Wine Summit","robots":{"index":"noindex","follow":"follow","max-snippet":"max-snippet:-1","max-image-preview":"max-image-preview:large","max-video-preview":"max-video-preview:-1"},"og_locale":"hu_HU","og_type":"article","og_title":"Inform\u00e1ci\u00f3 - Hungarian Wine Summit","og_description":"[vc_row el_class=&#8221;tart&#8221;][vc_column][vc_column_text] Inform\u00e1ci\u00f3k [\/vc_column_text][vc_column_text]Az esem\u00e9ny id\u0151pontja: 2022. m\u00e1rcius 22\u201324. Helysz\u00edn: Budapest, HUNGEXPO Budapest Kongresszusi \u00e9s Ki\u00e1ll\u00edt\u00e1si K\u00f6zpont \u2013 \u00fatvonal Megk\u00f6zel\u00edt\u00e9s: [&hellip;]","og_url":"https:\/\/2022.hungarianwinesummit.com\/hu\/informacio\/","og_site_name":"Hungarian Wine Summit","article_modified_time":"2022-03-18T14:50:29+00:00","twitter_card":"summary_large_image","twitter_misc":{"Becs\u00fclt olvas\u00e1si id\u0151":"2 perc"},"schema":{"@context":"https:\/\/schema.org","@graph":[{"@type":"WebSite","@id":"https:\/\/2022.hungarianwinesummit.com\/#website","url":"https:\/\/2022.hungarianwinesummit.com\/","name":"Hungarian Wine Summit","description":"","potentialAction":[{"@type":"SearchAction","target":{"@type":"EntryPoint","urlTemplate":"https:\/\/2022.hungarianwinesummit.com\/?s={search_term_string}"},"query-input":"required name=search_term_string"}],"inLanguage":"hu"},{"@type":"WebPage","@id":"https:\/\/2022.hungarianwinesummit.com\/hu\/informacio\/#webpage","url":"https:\/\/2022.hungarianwinesummit.com\/hu\/informacio\/","name":"Inform\u00e1ci\u00f3 - Hungarian Wine Summit","isPartOf":{"@id":"https:\/\/2022.hungarianwinesummit.com\/#website"},"datePublished":"2022-01-31T10:22:33+00:00","dateModified":"2022-03-18T14:50:29+00:00","breadcrumb":{"@id":"https:\/\/2022.hungarianwinesummit.com\/hu\/informacio\/#breadcrumb"},"inLanguage":"hu","potentialAction":[{"@type":"ReadAction","target":["https:\/\/2022.hungarianwinesummit.com\/hu\/informacio\/"]}]},{"@type":"BreadcrumbList","@id":"https:\/\/2022.hungarianwinesummit.com\/hu\/informacio\/#breadcrumb","itemListElement":[{"@type":"ListItem","position":1,"name":"Home","item":"https:\/\/2022.hungarianwinesummit.com\/hu\/"},{"@type":"ListItem","position":2,"name":"Inform\u00e1ci\u00f3"}]}]}},"_links":{"self":[{"href":"https:\/\/2022.hungarianwinesummit.com\/hu\/wp-json\/wp\/v2\/pages\/3064"}],"collection":[{"href":"https:\/\/2022.hungarianwinesummit.com\/hu\/wp-json\/wp\/v2\/pages"}],"about":[{"href":"https:\/\/2022.hungarianwinesummit.com\/hu\/wp-json\/wp\/v2\/types\/page"}],"author":[{"embeddable":true,"href":"https:\/\/2022.hungarianwinesummit.com\/hu\/wp-json\/wp\/v2\/users\/7"}],"replies":[{"embeddable":true,"href":"https:\/\/2022.hungarianwinesummit.com\/hu\/wp-json\/wp\/v2\/comments?post=3064"}],"version-history":[{"count":8,"href":"https:\/\/2022.hungarianwinesummit.com\/hu\/wp-json\/wp\/v2\/pages\/3064\/revisions"}],"predecessor-version":[{"id":6763,"href":"https:\/\/2022.hungarianwinesummit.com\/hu\/wp-json\/wp\/v2\/pages\/3064\/revisions\/6763"}],"wp:attachment":[{"href":"https:\/\/2022.hungarianwinesummit.com\/hu\/wp-json\/wp\/v2\/media?parent=3064"}],"curies":[{"name":"wp","href":"https:\/\/api.w.org\/{rel}","templated":true}]}}