{"id":3158,"date":"2022-02-14T09:39:28","date_gmt":"2022-02-14T08:39:28","guid":{"rendered":"https:\/\/www.hungarianwinesummit.com\/privacy-policy\/"},"modified":"2022-02-14T09:42:11","modified_gmt":"2022-02-14T08:42:11","slug":"privacy-policy","status":"publish","type":"page","link":"https:\/\/2022.hungarianwinesummit.com\/hu\/adatkezeles","title":{"rendered":"Adatkezel\u00e9si T\u00e1j\u00e9koztat\u00f3"},"content":{"rendered":"<p>[vc_row el_class=&#8221;tart&#8221;][vc_column][vc_column_text]<\/p>\n<header class=\"pageheader\">\n<h1 class=\"entry-title\">Adatkezel\u00e9si T\u00e1j\u00e9koztat\u00f3<\/h1>\n<\/header>\n<p>[\/vc_column_text][vc_column_text]Felt\u00f6lt\u00e9s folyamatban&#8230;[\/vc_column_text][\/vc_column][\/vc_row]<\/p>\n","protected":false},"excerpt":{"rendered":"<p>[vc_row el_class=&#8221;tart&#8221;][vc_column][vc_column_text] Adatkezel\u00e9si T\u00e1j\u00e9koztat\u00f3 [\/vc_column_text][vc_column_text]Felt\u00f6lt\u00e9s folyamatban&#8230;[\/vc_column_text][\/vc_column][\/vc_row]<\/p>\n","protected":false},"author":7,"featured_media":0,"parent":0,"menu_order":0,"comment_status":"closed","ping_status":"closed","template":"","meta":[],"acf":[],"yoast_head":"<!-- This site is optimized with the Yoast SEO plugin v18.1 - https:\/\/yoast.com\/wordpress\/plugins\/seo\/ -->\n<title>Adatkezel\u00e9si T\u00e1j\u00e9koztat\u00f3 - Hungarian Wine Summit<\/title>\n<meta name=\"robots\" content=\"noindex, follow, max-snippet:-1, max-image-preview:large, max-video-preview:-1\" \/>\n<meta property=\"og:locale\" content=\"hu_HU\" \/>\n<meta property=\"og:type\" content=\"article\" \/>\n<meta property=\"og:title\" content=\"Adatkezel\u00e9si T\u00e1j\u00e9koztat\u00f3 - Hungarian Wine Summit\" \/>\n<meta property=\"og:description\" content=\"[vc_row el_class=&#8221;tart&#8221;][vc_column][vc_column_text] Adatkezel\u00e9si T\u00e1j\u00e9koztat\u00f3 [\/vc_column_text][vc_column_text]Felt\u00f6lt\u00e9s folyamatban&#8230;[\/vc_column_text][\/vc_column][\/vc_row]\" \/>\n<meta property=\"og:url\" content=\"https:\/\/2022.hungarianwinesummit.com\/hu\/adatkezeles\/\" \/>\n<meta property=\"og:site_name\" content=\"Hungarian Wine Summit\" \/>\n<meta property=\"article:modified_time\" content=\"2022-02-14T08:42:11+00:00\" \/>\n<meta name=\"twitter:card\" content=\"summary_large_image\" \/>\n<script type=\"application\/ld+json\" class=\"yoast-schema-graph\">{\"@context\":\"https:\/\/schema.org\",\"@graph\":[{\"@type\":\"WebSite\",\"@id\":\"https:\/\/2022.hungarianwinesummit.com\/#website\",\"url\":\"https:\/\/2022.hungarianwinesummit.com\/\",\"name\":\"Hungarian Wine Summit\",\"description\":\"\",\"potentialAction\":[{\"@type\":\"SearchAction\",\"target\":{\"@type\":\"EntryPoint\",\"urlTemplate\":\"https:\/\/2022.hungarianwinesummit.com\/?s={search_term_string}\"},\"query-input\":\"required name=search_term_string\"}],\"inLanguage\":\"hu\"},{\"@type\":\"WebPage\",\"@id\":\"https:\/\/2022.hungarianwinesummit.com\/hu\/adatkezeles\/#webpage\",\"url\":\"https:\/\/2022.hungarianwinesummit.com\/hu\/adatkezeles\/\",\"name\":\"Adatkezel\u00e9si T\u00e1j\u00e9koztat\u00f3 - Hungarian Wine Summit\",\"isPartOf\":{\"@id\":\"https:\/\/2022.hungarianwinesummit.com\/#website\"},\"datePublished\":\"2022-02-14T08:39:28+00:00\",\"dateModified\":\"2022-02-14T08:42:11+00:00\",\"breadcrumb\":{\"@id\":\"https:\/\/2022.hungarianwinesummit.com\/hu\/adatkezeles\/#breadcrumb\"},\"inLanguage\":\"hu\",\"potentialAction\":[{\"@type\":\"ReadAction\",\"target\":[\"https:\/\/2022.hungarianwinesummit.com\/hu\/adatkezeles\/\"]}]},{\"@type\":\"BreadcrumbList\",\"@id\":\"https:\/\/2022.hungarianwinesummit.com\/hu\/adatkezeles\/#breadcrumb\",\"itemListElement\":[{\"@type\":\"ListItem\",\"position\":1,\"name\":\"Home\",\"item\":\"https:\/\/2022.hungarianwinesummit.com\/hu\/\"},{\"@type\":\"ListItem\",\"position\":2,\"name\":\"Adatkezel\u00e9si T\u00e1j\u00e9koztat\u00f3\"}]}]}<\/script>\n<!-- \/ Yoast SEO plugin. -->","yoast_head_json":{"title":"Adatkezel\u00e9si T\u00e1j\u00e9koztat\u00f3 - Hungarian Wine Summit","robots":{"index":"noindex","follow":"follow","max-snippet":"max-snippet:-1","max-image-preview":"max-image-preview:large","max-video-preview":"max-video-preview:-1"},"og_locale":"hu_HU","og_type":"article","og_title":"Adatkezel\u00e9si T\u00e1j\u00e9koztat\u00f3 - Hungarian Wine Summit","og_description":"[vc_row el_class=&#8221;tart&#8221;][vc_column][vc_column_text] Adatkezel\u00e9si T\u00e1j\u00e9koztat\u00f3 [\/vc_column_text][vc_column_text]Felt\u00f6lt\u00e9s folyamatban&#8230;[\/vc_column_text][\/vc_column][\/vc_row]","og_url":"https:\/\/2022.hungarianwinesummit.com\/hu\/adatkezeles\/","og_site_name":"Hungarian Wine Summit","article_modified_time":"2022-02-14T08:42:11+00:00","twitter_card":"summary_large_image","schema":{"@context":"https:\/\/schema.org","@graph":[{"@type":"WebSite","@id":"https:\/\/2022.hungarianwinesummit.com\/#website","url":"https:\/\/2022.hungarianwinesummit.com\/","name":"Hungarian Wine Summit","description":"","potentialAction":[{"@type":"SearchAction","target":{"@type":"EntryPoint","urlTemplate":"https:\/\/2022.hungarianwinesummit.com\/?s={search_term_string}"},"query-input":"required name=search_term_string"}],"inLanguage":"hu"},{"@type":"WebPage","@id":"https:\/\/2022.hungarianwinesummit.com\/hu\/adatkezeles\/#webpage","url":"https:\/\/2022.hungarianwinesummit.com\/hu\/adatkezeles\/","name":"Adatkezel\u00e9si T\u00e1j\u00e9koztat\u00f3 - Hungarian Wine Summit","isPartOf":{"@id":"https:\/\/2022.hungarianwinesummit.com\/#website"},"datePublished":"2022-02-14T08:39:28+00:00","dateModified":"2022-02-14T08:42:11+00:00","breadcrumb":{"@id":"https:\/\/2022.hungarianwinesummit.com\/hu\/adatkezeles\/#breadcrumb"},"inLanguage":"hu","potentialAction":[{"@type":"ReadAction","target":["https:\/\/2022.hungarianwinesummit.com\/hu\/adatkezeles\/"]}]},{"@type":"BreadcrumbList","@id":"https:\/\/2022.hungarianwinesummit.com\/hu\/adatkezeles\/#breadcrumb","itemListElement":[{"@type":"ListItem","position":1,"name":"Home","item":"https:\/\/2022.hungarianwinesummit.com\/hu\/"},{"@type":"ListItem","position":2,"name":"Adatkezel\u00e9si T\u00e1j\u00e9koztat\u00f3"}]}]}},"_links":{"self":[{"href":"https:\/\/2022.hungarianwinesummit.com\/hu\/wp-json\/wp\/v2\/pages\/3158"}],"collection":[{"href":"https:\/\/2022.hungarianwinesummit.com\/hu\/wp-json\/wp\/v2\/pages"}],"about":[{"href":"https:\/\/2022.hungarianwinesummit.com\/hu\/wp-json\/wp\/v2\/types\/page"}],"author":[{"embeddable":true,"href":"https:\/\/2022.hungarianwinesummit.com\/hu\/wp-json\/wp\/v2\/users\/7"}],"replies":[{"embeddable":true,"href":"https:\/\/2022.hungarianwinesummit.com\/hu\/wp-json\/wp\/v2\/comments?post=3158"}],"version-history":[{"count":2,"href":"https:\/\/2022.hungarianwinesummit.com\/hu\/wp-json\/wp\/v2\/pages\/3158\/revisions"}],"predecessor-version":[{"id":3159,"href":"https:\/\/2022.hungarianwinesummit.com\/hu\/wp-json\/wp\/v2\/pages\/3158\/revisions\/3159"}],"wp:attachment":[{"href":"https:\/\/2022.hungarianwinesummit.com\/hu\/wp-json\/wp\/v2\/media?parent=3158"}],"curies":[{"name":"wp","href":"https:\/\/api.w.org\/{rel}","templated":true}]}}