{"id":3162,"date":"2022-02-14T09:42:41","date_gmt":"2022-02-14T08:42:41","guid":{"rendered":"https:\/\/www.hungarianwinesummit.com\/login\/"},"modified":"2022-02-14T11:53:45","modified_gmt":"2022-02-14T10:53:45","slug":"login","status":"publish","type":"page","link":"https:\/\/2022.hungarianwinesummit.com\/hu\/belepes","title":{"rendered":"Bel\u00e9p\u00e9s"},"content":{"rendered":"<p>[vc_row el_class=&#8221;tart&#8221;][vc_column][vc_column_text]<\/p>\n<header class=\"pageheader\">\n<h1 class=\"entry-title\">Bel\u00e9p\u00e9s<\/h1>\n<\/header>\n<p>[\/vc_column_text][vc_column_text]\n<div class=\"um um-login um-3211\">\n\n\t<div class=\"um-form\">\n\n\t\t<form method=\"post\" action=\"\" autocomplete=\"off\">\n\n\t\t\t<div class=\"um-row _um_row_1 \" style=\"margin: 0 0 30px 0;\"><div class=\"um-col-1\"><div  id=\"um_field_3211_username\" class=\"um-field um-field-text  um-field-username um-field-text um-field-type_text\" data-key=\"username\"><div class=\"um-field-label\"><label for=\"username-3211\">E-mail c\u00edm<\/label><div class=\"um-clear\"><\/div><\/div><div class=\"um-field-area\"><input  autocomplete=\"off\" class=\"um-form-field valid \" type=\"text\" name=\"username-3211\" id=\"username-3211\" value=\"\" placeholder=\"\" data-validate=\"unique_email\" data-key=\"username\" \/>\n\n\t\t\t\t\t\t<\/div><\/div><div  id=\"um_field_3211_user_password\" class=\"um-field um-field-password  um-field-user_password um-field-password um-field-type_password\" data-key=\"user_password\"><div class=\"um-field-label\"><label for=\"user_password-3211\">Jelsz\u00f3<\/label><div class=\"um-clear\"><\/div><\/div><div class=\"um-field-area\"><input class=\"um-form-field valid \" type=\"password\" name=\"user_password-3211\" id=\"user_password-3211\" value=\"\" placeholder=\"\" data-validate=\"\" data-key=\"user_password\" \/>\n\n\t\t\t\t\t\t<\/div><\/div><\/div><\/div>\t\t<input type=\"hidden\" name=\"form_id\" id=\"form_id_3211\" value=\"3211\" \/>\n\t\n\t<p class=\"um_request_name\">\n\t\t<label for=\"um_request_3211\">Only fill in if you are not human<\/label>\n\t\t<input type=\"hidden\" name=\"um_request\" id=\"um_request_3211\" class=\"input\" value=\"\" size=\"25\" autocomplete=\"off\" \/>\n\t<\/p>\n\n\t<input type=\"hidden\" name=\"redirect_to\" id=\"redirect_to\" value=\"https:\/\/2022.hungarianwinesummit.com\/hu\/fiokom\" \/><input type=\"hidden\" id=\"_wpnonce\" name=\"_wpnonce\" value=\"6aeee50358\" \/><input type=\"hidden\" name=\"_wp_http_referer\" value=\"\/hu\/wp-json\/wp\/v2\/pages\/3162\" \/>\n\t<div class=\"um-col-alt\">\n\n\t\t\n\n\t\t\t<div class=\"um-field um-field-c\">\n\t\t\t\t<div class=\"um-field-area\">\n\t\t\t\t\t<label class=\"um-field-checkbox\">\n\t\t\t\t\t\t<input type=\"checkbox\" name=\"rememberme\" value=\"1\"  \/>\n\t\t\t\t\t\t<span class=\"um-field-checkbox-state\"><i class=\"um-icon-android-checkbox-outline-blank\"><\/i><\/span>\n\t\t\t\t\t\t<span class=\"um-field-checkbox-option\"> Bejelentkezve maradok<\/span>\n\t\t\t\t\t<\/label>\n\t\t\t\t<\/div>\n\t\t\t<\/div>\n\n\t\t\t\t\t\t<div class=\"um-clear\"><\/div>\n\t\t\n\t\t\t<div class=\"um-left um-half\">\n\t\t\t\t<input type=\"submit\" value=\"Bel\u00e9p\u00e9s\" class=\"um-button\" id=\"um-submit-btn\" \/>\n\t\t\t<\/div>\n\t\t\t<div class=\"um-right um-half\">\n\t\t\t\t<a href=\"https:\/\/2022.hungarianwinesummit.com\/hu\/regisztracio\" class=\"um-button um-alt\">\n\t\t\t\t\tFi\u00f3k l\u00e9trehoz\u00e1sa\t\t\t\t<\/a>\n\t\t\t<\/div>\n\n\t\t\n\t\t<div class=\"um-clear\"><\/div>\n\n\t<\/div>\n\n\t\n\t<div class=\"um-col-alt-b\">\n\t\t<a href=\"https:\/\/2022.hungarianwinesummit.com\/hu\/elfelejtett-jelszo\" class=\"um-link-alt\">\n\t\t\tElfelejtette jelszav\u00e1t?\t\t<\/a>\n\t<\/div>\n\n\t\n\t\t<\/form>\n\n\t<\/div>\n\n<\/div><style type=\"text\/css\">\n.um-3211.um {\n\tmax-width: 450px;\n}<\/style>\n[\/vc_column_text][\/vc_column][\/vc_row]<\/p>\n","protected":false},"excerpt":{"rendered":"<p>[vc_row el_class=&#8221;tart&#8221;][vc_column][vc_column_text] Bel\u00e9p\u00e9s [\/vc_column_text][vc_column_text][\/vc_column_text][\/vc_column][\/vc_row]<\/p>\n","protected":false},"author":7,"featured_media":0,"parent":0,"menu_order":0,"comment_status":"closed","ping_status":"closed","template":"","meta":[],"acf":[],"yoast_head":"<!-- This site is optimized with the Yoast SEO plugin v18.1 - https:\/\/yoast.com\/wordpress\/plugins\/seo\/ -->\n<title>Bel\u00e9p\u00e9s - Hungarian Wine Summit<\/title>\n<meta name=\"robots\" content=\"noindex, follow, max-snippet:-1, max-image-preview:large, max-video-preview:-1\" \/>\n<meta property=\"og:locale\" content=\"hu_HU\" \/>\n<meta property=\"og:type\" content=\"article\" \/>\n<meta property=\"og:title\" content=\"Bel\u00e9p\u00e9s - Hungarian Wine Summit\" \/>\n<meta property=\"og:description\" content=\"[vc_row el_class=&#8221;tart&#8221;][vc_column][vc_column_text] Bel\u00e9p\u00e9s [\/vc_column_text][vc_column_text][\/vc_column_text][\/vc_column][\/vc_row]\" \/>\n<meta property=\"og:url\" content=\"https:\/\/2022.hungarianwinesummit.com\/hu\/belepes\/\" \/>\n<meta property=\"og:site_name\" content=\"Hungarian Wine Summit\" \/>\n<meta property=\"article:modified_time\" content=\"2022-02-14T10:53:45+00:00\" \/>\n<meta name=\"twitter:card\" content=\"summary_large_image\" \/>\n<script type=\"application\/ld+json\" class=\"yoast-schema-graph\">{\"@context\":\"https:\/\/schema.org\",\"@graph\":[{\"@type\":\"WebSite\",\"@id\":\"https:\/\/2022.hungarianwinesummit.com\/#website\",\"url\":\"https:\/\/2022.hungarianwinesummit.com\/\",\"name\":\"Hungarian Wine Summit\",\"description\":\"\",\"potentialAction\":[{\"@type\":\"SearchAction\",\"target\":{\"@type\":\"EntryPoint\",\"urlTemplate\":\"https:\/\/2022.hungarianwinesummit.com\/?s={search_term_string}\"},\"query-input\":\"required name=search_term_string\"}],\"inLanguage\":\"hu\"},{\"@type\":\"WebPage\",\"@id\":\"https:\/\/2022.hungarianwinesummit.com\/hu\/belepes\/#webpage\",\"url\":\"https:\/\/2022.hungarianwinesummit.com\/hu\/belepes\/\",\"name\":\"Bel\u00e9p\u00e9s - Hungarian Wine Summit\",\"isPartOf\":{\"@id\":\"https:\/\/2022.hungarianwinesummit.com\/#website\"},\"datePublished\":\"2022-02-14T08:42:41+00:00\",\"dateModified\":\"2022-02-14T10:53:45+00:00\",\"breadcrumb\":{\"@id\":\"https:\/\/2022.hungarianwinesummit.com\/hu\/belepes\/#breadcrumb\"},\"inLanguage\":\"hu\",\"potentialAction\":[{\"@type\":\"ReadAction\",\"target\":[\"https:\/\/2022.hungarianwinesummit.com\/hu\/belepes\/\"]}]},{\"@type\":\"BreadcrumbList\",\"@id\":\"https:\/\/2022.hungarianwinesummit.com\/hu\/belepes\/#breadcrumb\",\"itemListElement\":[{\"@type\":\"ListItem\",\"position\":1,\"name\":\"Home\",\"item\":\"https:\/\/2022.hungarianwinesummit.com\/hu\/\"},{\"@type\":\"ListItem\",\"position\":2,\"name\":\"Bel\u00e9p\u00e9s\"}]}]}<\/script>\n<!-- \/ Yoast SEO plugin. -->","yoast_head_json":{"title":"Bel\u00e9p\u00e9s - Hungarian Wine Summit","robots":{"index":"noindex","follow":"follow","max-snippet":"max-snippet:-1","max-image-preview":"max-image-preview:large","max-video-preview":"max-video-preview:-1"},"og_locale":"hu_HU","og_type":"article","og_title":"Bel\u00e9p\u00e9s - Hungarian Wine Summit","og_description":"[vc_row el_class=&#8221;tart&#8221;][vc_column][vc_column_text] Bel\u00e9p\u00e9s [\/vc_column_text][vc_column_text][\/vc_column_text][\/vc_column][\/vc_row]","og_url":"https:\/\/2022.hungarianwinesummit.com\/hu\/belepes\/","og_site_name":"Hungarian Wine Summit","article_modified_time":"2022-02-14T10:53:45+00:00","twitter_card":"summary_large_image","schema":{"@context":"https:\/\/schema.org","@graph":[{"@type":"WebSite","@id":"https:\/\/2022.hungarianwinesummit.com\/#website","url":"https:\/\/2022.hungarianwinesummit.com\/","name":"Hungarian Wine Summit","description":"","potentialAction":[{"@type":"SearchAction","target":{"@type":"EntryPoint","urlTemplate":"https:\/\/2022.hungarianwinesummit.com\/?s={search_term_string}"},"query-input":"required name=search_term_string"}],"inLanguage":"hu"},{"@type":"WebPage","@id":"https:\/\/2022.hungarianwinesummit.com\/hu\/belepes\/#webpage","url":"https:\/\/2022.hungarianwinesummit.com\/hu\/belepes\/","name":"Bel\u00e9p\u00e9s - Hungarian Wine Summit","isPartOf":{"@id":"https:\/\/2022.hungarianwinesummit.com\/#website"},"datePublished":"2022-02-14T08:42:41+00:00","dateModified":"2022-02-14T10:53:45+00:00","breadcrumb":{"@id":"https:\/\/2022.hungarianwinesummit.com\/hu\/belepes\/#breadcrumb"},"inLanguage":"hu","potentialAction":[{"@type":"ReadAction","target":["https:\/\/2022.hungarianwinesummit.com\/hu\/belepes\/"]}]},{"@type":"BreadcrumbList","@id":"https:\/\/2022.hungarianwinesummit.com\/hu\/belepes\/#breadcrumb","itemListElement":[{"@type":"ListItem","position":1,"name":"Home","item":"https:\/\/2022.hungarianwinesummit.com\/hu\/"},{"@type":"ListItem","position":2,"name":"Bel\u00e9p\u00e9s"}]}]}},"_links":{"self":[{"href":"https:\/\/2022.hungarianwinesummit.com\/hu\/wp-json\/wp\/v2\/pages\/3162"}],"collection":[{"href":"https:\/\/2022.hungarianwinesummit.com\/hu\/wp-json\/wp\/v2\/pages"}],"about":[{"href":"https:\/\/2022.hungarianwinesummit.com\/hu\/wp-json\/wp\/v2\/types\/page"}],"author":[{"embeddable":true,"href":"https:\/\/2022.hungarianwinesummit.com\/hu\/wp-json\/wp\/v2\/users\/7"}],"replies":[{"embeddable":true,"href":"https:\/\/2022.hungarianwinesummit.com\/hu\/wp-json\/wp\/v2\/comments?post=3162"}],"version-history":[{"count":4,"href":"https:\/\/2022.hungarianwinesummit.com\/hu\/wp-json\/wp\/v2\/pages\/3162\/revisions"}],"predecessor-version":[{"id":3212,"href":"https:\/\/2022.hungarianwinesummit.com\/hu\/wp-json\/wp\/v2\/pages\/3162\/revisions\/3212"}],"wp:attachment":[{"href":"https:\/\/2022.hungarianwinesummit.com\/hu\/wp-json\/wp\/v2\/media?parent=3162"}],"curies":[{"name":"wp","href":"https:\/\/api.w.org\/{rel}","templated":true}]}}