{"id":3233,"date":"2022-02-17T14:36:22","date_gmt":"2022-02-17T13:36:22","guid":{"rendered":"https:\/\/www.hungarianwinesummit.com\/masterclasses\/"},"modified":"2022-03-22T18:26:53","modified_gmt":"2022-03-22T17:26:53","slug":"masterclasses","status":"publish","type":"page","link":"https:\/\/2022.hungarianwinesummit.com\/hu\/program","title":{"rendered":"Program"},"content":{"rendered":"<p>[vc_row][vc_column][vc_column_text]<\/p>\n<header class=\"pageheader\">\n<h1 class=\"entry-title\">Mesterkurzus<\/h1>\n<\/header>\n<p>[\/vc_column_text][\/vc_column][\/vc_row][vc_row][vc_column][vc_column_text]A ki\u00e1ll\u00edt\u00e1sra \u00e9s a mesterkurzusokra a honlapon kereszt\u00fcl t\u00f6rt\u00e9n\u0151 regisztr\u00e1ci\u00f3 2022. m\u00e1rcius 22-\u00e9n 16:00-kor lez\u00e1rult. A ki\u00e1ll\u00edt\u00e1sra bel\u00e9p\u0151vel rendelkez\u0151 vend\u00e9gek a rendezv\u00e9ny ideje alatt a Hungexpo Fogad\u00f3 nevet visel\u0151 term\u00e9ben fel\u00e1ll\u00edtott Hungarian Wine Summit standn\u00e1l a szabad helyek f\u00fcggv\u00e9ny\u00e9ben a mesterkurzusokra jelentkezhetnek.[\/vc_column_text][\/vc_column][\/vc_row][vc_row][vc_column][vc_basic_grid post_type=&#8221;post&#8221; max_items=&#8221;10&#8243; grid_id=&#8221;vc_gid:1647969824423-f1163a59-fb81-0&#8243; taxonomies=&#8221;1&#8243;][\/vc_column][\/vc_row][vc_row][vc_column][vc_column_text]<\/p>\n<header class=\"pageheader\">\n<h1 class=\"entry-title\">K\u00f3stol\u00f3k<\/h1>\n<\/header>\n<p>[\/vc_column_text][vc_basic_grid post_type=&#8221;post&#8221; max_items=&#8221;10&#8243; grid_id=&#8221;vc_gid:1647969824433-47ac4bda-24a6-5&#8243; taxonomies=&#8221;36&#8243;][\/vc_column][\/vc_row]<\/p>\n","protected":false},"excerpt":{"rendered":"<p>[vc_row][vc_column][vc_column_text] Mesterkurzus [\/vc_column_text][\/vc_column][\/vc_row][vc_row][vc_column][vc_column_text]A ki\u00e1ll\u00edt\u00e1sra \u00e9s a mesterkurzusokra a honlapon kereszt\u00fcl t\u00f6rt\u00e9n\u0151 regisztr\u00e1ci\u00f3 2022. m\u00e1rcius 22-\u00e9n 16:00-kor lez\u00e1rult. A ki\u00e1ll\u00edt\u00e1sra bel\u00e9p\u0151vel [&hellip;]<\/p>\n","protected":false},"author":7,"featured_media":0,"parent":0,"menu_order":0,"comment_status":"closed","ping_status":"closed","template":"","meta":[],"acf":[],"yoast_head":"<!-- This site is optimized with the Yoast SEO plugin v18.1 - https:\/\/yoast.com\/wordpress\/plugins\/seo\/ -->\n<title>Program - Hungarian Wine Summit<\/title>\n<meta name=\"robots\" content=\"noindex, follow, max-snippet:-1, max-image-preview:large, max-video-preview:-1\" \/>\n<meta property=\"og:locale\" content=\"hu_HU\" \/>\n<meta property=\"og:type\" content=\"article\" \/>\n<meta property=\"og:title\" content=\"Program - Hungarian Wine Summit\" \/>\n<meta property=\"og:description\" content=\"[vc_row][vc_column][vc_column_text] Mesterkurzus [\/vc_column_text][\/vc_column][\/vc_row][vc_row][vc_column][vc_column_text]A ki\u00e1ll\u00edt\u00e1sra \u00e9s a mesterkurzusokra a honlapon kereszt\u00fcl t\u00f6rt\u00e9n\u0151 regisztr\u00e1ci\u00f3 2022. m\u00e1rcius 22-\u00e9n 16:00-kor lez\u00e1rult. A ki\u00e1ll\u00edt\u00e1sra bel\u00e9p\u0151vel [&hellip;]\" \/>\n<meta property=\"og:url\" content=\"https:\/\/2022.hungarianwinesummit.com\/hu\/program\/\" \/>\n<meta property=\"og:site_name\" content=\"Hungarian Wine Summit\" \/>\n<meta property=\"article:modified_time\" content=\"2022-03-22T17:26:53+00:00\" \/>\n<meta name=\"twitter:card\" content=\"summary_large_image\" \/>\n<meta name=\"twitter:label1\" content=\"Becs\u00fclt olvas\u00e1si id\u0151\" \/>\n\t<meta name=\"twitter:data1\" content=\"1 perc\" \/>\n<script type=\"application\/ld+json\" class=\"yoast-schema-graph\">{\"@context\":\"https:\/\/schema.org\",\"@graph\":[{\"@type\":\"WebSite\",\"@id\":\"https:\/\/2022.hungarianwinesummit.com\/#website\",\"url\":\"https:\/\/2022.hungarianwinesummit.com\/\",\"name\":\"Hungarian Wine Summit\",\"description\":\"\",\"potentialAction\":[{\"@type\":\"SearchAction\",\"target\":{\"@type\":\"EntryPoint\",\"urlTemplate\":\"https:\/\/2022.hungarianwinesummit.com\/?s={search_term_string}\"},\"query-input\":\"required name=search_term_string\"}],\"inLanguage\":\"hu\"},{\"@type\":\"WebPage\",\"@id\":\"https:\/\/2022.hungarianwinesummit.com\/hu\/program\/#webpage\",\"url\":\"https:\/\/2022.hungarianwinesummit.com\/hu\/program\/\",\"name\":\"Program - Hungarian Wine Summit\",\"isPartOf\":{\"@id\":\"https:\/\/2022.hungarianwinesummit.com\/#website\"},\"datePublished\":\"2022-02-17T13:36:22+00:00\",\"dateModified\":\"2022-03-22T17:26:53+00:00\",\"breadcrumb\":{\"@id\":\"https:\/\/2022.hungarianwinesummit.com\/hu\/program\/#breadcrumb\"},\"inLanguage\":\"hu\",\"potentialAction\":[{\"@type\":\"ReadAction\",\"target\":[\"https:\/\/2022.hungarianwinesummit.com\/hu\/program\/\"]}]},{\"@type\":\"BreadcrumbList\",\"@id\":\"https:\/\/2022.hungarianwinesummit.com\/hu\/program\/#breadcrumb\",\"itemListElement\":[{\"@type\":\"ListItem\",\"position\":1,\"name\":\"Home\",\"item\":\"https:\/\/2022.hungarianwinesummit.com\/hu\/\"},{\"@type\":\"ListItem\",\"position\":2,\"name\":\"Program\"}]}]}<\/script>\n<!-- \/ Yoast SEO plugin. -->","yoast_head_json":{"title":"Program - Hungarian Wine Summit","robots":{"index":"noindex","follow":"follow","max-snippet":"max-snippet:-1","max-image-preview":"max-image-preview:large","max-video-preview":"max-video-preview:-1"},"og_locale":"hu_HU","og_type":"article","og_title":"Program - Hungarian Wine Summit","og_description":"[vc_row][vc_column][vc_column_text] Mesterkurzus [\/vc_column_text][\/vc_column][\/vc_row][vc_row][vc_column][vc_column_text]A ki\u00e1ll\u00edt\u00e1sra \u00e9s a mesterkurzusokra a honlapon kereszt\u00fcl t\u00f6rt\u00e9n\u0151 regisztr\u00e1ci\u00f3 2022. m\u00e1rcius 22-\u00e9n 16:00-kor lez\u00e1rult. A ki\u00e1ll\u00edt\u00e1sra bel\u00e9p\u0151vel [&hellip;]","og_url":"https:\/\/2022.hungarianwinesummit.com\/hu\/program\/","og_site_name":"Hungarian Wine Summit","article_modified_time":"2022-03-22T17:26:53+00:00","twitter_card":"summary_large_image","twitter_misc":{"Becs\u00fclt olvas\u00e1si id\u0151":"1 perc"},"schema":{"@context":"https:\/\/schema.org","@graph":[{"@type":"WebSite","@id":"https:\/\/2022.hungarianwinesummit.com\/#website","url":"https:\/\/2022.hungarianwinesummit.com\/","name":"Hungarian Wine Summit","description":"","potentialAction":[{"@type":"SearchAction","target":{"@type":"EntryPoint","urlTemplate":"https:\/\/2022.hungarianwinesummit.com\/?s={search_term_string}"},"query-input":"required name=search_term_string"}],"inLanguage":"hu"},{"@type":"WebPage","@id":"https:\/\/2022.hungarianwinesummit.com\/hu\/program\/#webpage","url":"https:\/\/2022.hungarianwinesummit.com\/hu\/program\/","name":"Program - Hungarian Wine Summit","isPartOf":{"@id":"https:\/\/2022.hungarianwinesummit.com\/#website"},"datePublished":"2022-02-17T13:36:22+00:00","dateModified":"2022-03-22T17:26:53+00:00","breadcrumb":{"@id":"https:\/\/2022.hungarianwinesummit.com\/hu\/program\/#breadcrumb"},"inLanguage":"hu","potentialAction":[{"@type":"ReadAction","target":["https:\/\/2022.hungarianwinesummit.com\/hu\/program\/"]}]},{"@type":"BreadcrumbList","@id":"https:\/\/2022.hungarianwinesummit.com\/hu\/program\/#breadcrumb","itemListElement":[{"@type":"ListItem","position":1,"name":"Home","item":"https:\/\/2022.hungarianwinesummit.com\/hu\/"},{"@type":"ListItem","position":2,"name":"Program"}]}]}},"_links":{"self":[{"href":"https:\/\/2022.hungarianwinesummit.com\/hu\/wp-json\/wp\/v2\/pages\/3233"}],"collection":[{"href":"https:\/\/2022.hungarianwinesummit.com\/hu\/wp-json\/wp\/v2\/pages"}],"about":[{"href":"https:\/\/2022.hungarianwinesummit.com\/hu\/wp-json\/wp\/v2\/types\/page"}],"author":[{"embeddable":true,"href":"https:\/\/2022.hungarianwinesummit.com\/hu\/wp-json\/wp\/v2\/users\/7"}],"replies":[{"embeddable":true,"href":"https:\/\/2022.hungarianwinesummit.com\/hu\/wp-json\/wp\/v2\/comments?post=3233"}],"version-history":[{"count":14,"href":"https:\/\/2022.hungarianwinesummit.com\/hu\/wp-json\/wp\/v2\/pages\/3233\/revisions"}],"predecessor-version":[{"id":7102,"href":"https:\/\/2022.hungarianwinesummit.com\/hu\/wp-json\/wp\/v2\/pages\/3233\/revisions\/7102"}],"wp:attachment":[{"href":"https:\/\/2022.hungarianwinesummit.com\/hu\/wp-json\/wp\/v2\/media?parent=3233"}],"curies":[{"name":"wp","href":"https:\/\/api.w.org\/{rel}","templated":true}]}}